{"id":809,"date":"2025-04-01T12:39:33","date_gmt":"2025-04-01T10:39:33","guid":{"rendered":"https:\/\/lavida.es\/tienda\/?post_type=product&#038;p=809"},"modified":"2025-04-01T16:24:54","modified_gmt":"2025-04-01T14:24:54","slug":"junior-suites","status":"publish","type":"product","link":"https:\/\/lavida.es\/tienda\/producto\/junior-suites\/","title":{"rendered":"JUNIOR SUITES"},"content":{"rendered":"<p>+ Info de la experiencia<br \/>\nDise\u00f1a tu experiencia en estas habitaciones eligiendo entre una, dos o tres noches y los extras que quieres incluir en la tarjeta regalo. Los precios incluyen IVA, dise\u00f1o de la tarjeta regalo y env\u00edo por correo electr\u00f3nico en PDF a la direcci\u00f3n de correo electr\u00f3nico que elijas al hacer la compra en el siguiente paso.<\/p>\n<p>Las noches que seleccionen incluye en el alojamiento y el desayuno para dos personas.<\/p>\n","protected":false},"excerpt":{"rendered":"<p>Nuestras habitaciones m\u00e1s grandes y especiales. Estancias de 34m2 completamente equipadas y decoradas de una forma sobria y elegante para que te sientas como en casa durante los d\u00edas que pases alojado en La Vida<\/p>\n","protected":false},"featured_media":870,"comment_status":"open","ping_status":"closed","template":"","meta":{"_et_pb_use_builder":"","_et_pb_old_content":"","_et_gb_content_width":""},"product_brand":[],"product_cat":[22],"product_tag":[],"class_list":{"0":"post-809","1":"product","2":"type-product","3":"status-publish","4":"has-post-thumbnail","6":"product_cat-disena-tu-experiencia","8":"first","9":"instock","10":"shipping-taxable","11":"purchasable","12":"product-type-variable"},"yoast_head":"<!-- This site is optimized with the Yoast SEO plugin v24.8 - https:\/\/yoast.com\/wordpress\/plugins\/seo\/ -->\n<title>JUNIOR SUITES - La Vida Tienda Online<\/title>\n<meta name=\"robots\" content=\"index, follow, max-snippet:-1, max-image-preview:large, max-video-preview:-1\" \/>\n<link rel=\"canonical\" href=\"https:\/\/lavida.es\/tienda\/producto\/junior-suites\/\" \/>\n<meta property=\"og:locale\" content=\"es_ES\" \/>\n<meta property=\"og:type\" content=\"article\" \/>\n<meta property=\"og:title\" content=\"JUNIOR SUITES - La Vida Tienda Online\" \/>\n<meta property=\"og:description\" content=\"Nuestras habitaciones m\u00e1s grandes y especiales. Estancias de 34m2 completamente equipadas y decoradas de una forma sobria y elegante para que te sientas como en casa durante los d\u00edas que pases alojado en La Vida\" \/>\n<meta property=\"og:url\" content=\"https:\/\/lavida.es\/tienda\/producto\/junior-suites\/\" \/>\n<meta property=\"og:site_name\" content=\"La Vida Tienda Online\" \/>\n<meta property=\"article:modified_time\" content=\"2025-04-01T14:24:54+00:00\" \/>\n<meta property=\"og:image\" content=\"https:\/\/lavida.es\/tienda\/wp-content\/uploads\/2025\/04\/junior-suites-hotel-spa-ribera-duero-5.jpg\" \/>\n\t<meta property=\"og:image:width\" content=\"800\" \/>\n\t<meta property=\"og:image:height\" content=\"600\" \/>\n\t<meta property=\"og:image:type\" content=\"image\/jpeg\" \/>\n<meta name=\"twitter:card\" content=\"summary_large_image\" \/>\n<script type=\"application\/ld+json\" class=\"yoast-schema-graph\">{\"@context\":\"https:\/\/schema.org\",\"@graph\":[{\"@type\":\"WebPage\",\"@id\":\"https:\/\/lavida.es\/tienda\/producto\/junior-suites\/\",\"url\":\"https:\/\/lavida.es\/tienda\/producto\/junior-suites\/\",\"name\":\"JUNIOR SUITES - La Vida Tienda Online\",\"isPartOf\":{\"@id\":\"https:\/\/lavida.es\/tienda\/#website\"},\"primaryImageOfPage\":{\"@id\":\"https:\/\/lavida.es\/tienda\/producto\/junior-suites\/#primaryimage\"},\"image\":{\"@id\":\"https:\/\/lavida.es\/tienda\/producto\/junior-suites\/#primaryimage\"},\"thumbnailUrl\":\"https:\/\/lavida.es\/tienda\/wp-content\/uploads\/2025\/04\/junior-suites-hotel-spa-ribera-duero-5.jpg\",\"datePublished\":\"2025-04-01T10:39:33+00:00\",\"dateModified\":\"2025-04-01T14:24:54+00:00\",\"breadcrumb\":{\"@id\":\"https:\/\/lavida.es\/tienda\/producto\/junior-suites\/#breadcrumb\"},\"inLanguage\":\"es\",\"potentialAction\":[{\"@type\":\"ReadAction\",\"target\":[\"https:\/\/lavida.es\/tienda\/producto\/junior-suites\/\"]}]},{\"@type\":\"ImageObject\",\"inLanguage\":\"es\",\"@id\":\"https:\/\/lavida.es\/tienda\/producto\/junior-suites\/#primaryimage\",\"url\":\"https:\/\/lavida.es\/tienda\/wp-content\/uploads\/2025\/04\/junior-suites-hotel-spa-ribera-duero-5.jpg\",\"contentUrl\":\"https:\/\/lavida.es\/tienda\/wp-content\/uploads\/2025\/04\/junior-suites-hotel-spa-ribera-duero-5.jpg\",\"width\":800,\"height\":600,\"caption\":\"hotel spa ribera del duero junior suite\"},{\"@type\":\"BreadcrumbList\",\"@id\":\"https:\/\/lavida.es\/tienda\/producto\/junior-suites\/#breadcrumb\",\"itemListElement\":[{\"@type\":\"ListItem\",\"position\":1,\"name\":\"Portada\",\"item\":\"https:\/\/lavida.es\/tienda\/\"},{\"@type\":\"ListItem\",\"position\":2,\"name\":\"Tienda\",\"item\":\"https:\/\/lavida.es\/tienda\/tienda\/\"},{\"@type\":\"ListItem\",\"position\":3,\"name\":\"JUNIOR SUITES\"}]},{\"@type\":\"WebSite\",\"@id\":\"https:\/\/lavida.es\/tienda\/#website\",\"url\":\"https:\/\/lavida.es\/tienda\/\",\"name\":\"La Vida Tienda Online\",\"description\":\"\",\"potentialAction\":[{\"@type\":\"SearchAction\",\"target\":{\"@type\":\"EntryPoint\",\"urlTemplate\":\"https:\/\/lavida.es\/tienda\/?s={search_term_string}\"},\"query-input\":{\"@type\":\"PropertyValueSpecification\",\"valueRequired\":true,\"valueName\":\"search_term_string\"}}],\"inLanguage\":\"es\"}]}<\/script>\n<!-- \/ Yoast SEO plugin. -->","yoast_head_json":{"title":"JUNIOR SUITES - La Vida Tienda Online","robots":{"index":"index","follow":"follow","max-snippet":"max-snippet:-1","max-image-preview":"max-image-preview:large","max-video-preview":"max-video-preview:-1"},"canonical":"https:\/\/lavida.es\/tienda\/producto\/junior-suites\/","og_locale":"es_ES","og_type":"article","og_title":"JUNIOR SUITES - La Vida Tienda Online","og_description":"Nuestras habitaciones m\u00e1s grandes y especiales. Estancias de 34m2 completamente equipadas y decoradas de una forma sobria y elegante para que te sientas como en casa durante los d\u00edas que pases alojado en La Vida","og_url":"https:\/\/lavida.es\/tienda\/producto\/junior-suites\/","og_site_name":"La Vida Tienda Online","article_modified_time":"2025-04-01T14:24:54+00:00","og_image":[{"width":800,"height":600,"url":"https:\/\/lavida.es\/tienda\/wp-content\/uploads\/2025\/04\/junior-suites-hotel-spa-ribera-duero-5.jpg","type":"image\/jpeg"}],"twitter_card":"summary_large_image","schema":{"@context":"https:\/\/schema.org","@graph":[{"@type":"WebPage","@id":"https:\/\/lavida.es\/tienda\/producto\/junior-suites\/","url":"https:\/\/lavida.es\/tienda\/producto\/junior-suites\/","name":"JUNIOR SUITES - La Vida Tienda Online","isPartOf":{"@id":"https:\/\/lavida.es\/tienda\/#website"},"primaryImageOfPage":{"@id":"https:\/\/lavida.es\/tienda\/producto\/junior-suites\/#primaryimage"},"image":{"@id":"https:\/\/lavida.es\/tienda\/producto\/junior-suites\/#primaryimage"},"thumbnailUrl":"https:\/\/lavida.es\/tienda\/wp-content\/uploads\/2025\/04\/junior-suites-hotel-spa-ribera-duero-5.jpg","datePublished":"2025-04-01T10:39:33+00:00","dateModified":"2025-04-01T14:24:54+00:00","breadcrumb":{"@id":"https:\/\/lavida.es\/tienda\/producto\/junior-suites\/#breadcrumb"},"inLanguage":"es","potentialAction":[{"@type":"ReadAction","target":["https:\/\/lavida.es\/tienda\/producto\/junior-suites\/"]}]},{"@type":"ImageObject","inLanguage":"es","@id":"https:\/\/lavida.es\/tienda\/producto\/junior-suites\/#primaryimage","url":"https:\/\/lavida.es\/tienda\/wp-content\/uploads\/2025\/04\/junior-suites-hotel-spa-ribera-duero-5.jpg","contentUrl":"https:\/\/lavida.es\/tienda\/wp-content\/uploads\/2025\/04\/junior-suites-hotel-spa-ribera-duero-5.jpg","width":800,"height":600,"caption":"hotel spa ribera del duero junior suite"},{"@type":"BreadcrumbList","@id":"https:\/\/lavida.es\/tienda\/producto\/junior-suites\/#breadcrumb","itemListElement":[{"@type":"ListItem","position":1,"name":"Portada","item":"https:\/\/lavida.es\/tienda\/"},{"@type":"ListItem","position":2,"name":"Tienda","item":"https:\/\/lavida.es\/tienda\/tienda\/"},{"@type":"ListItem","position":3,"name":"JUNIOR SUITES"}]},{"@type":"WebSite","@id":"https:\/\/lavida.es\/tienda\/#website","url":"https:\/\/lavida.es\/tienda\/","name":"La Vida Tienda Online","description":"","potentialAction":[{"@type":"SearchAction","target":{"@type":"EntryPoint","urlTemplate":"https:\/\/lavida.es\/tienda\/?s={search_term_string}"},"query-input":{"@type":"PropertyValueSpecification","valueRequired":true,"valueName":"search_term_string"}}],"inLanguage":"es"}]}},"_links":{"self":[{"href":"https:\/\/lavida.es\/tienda\/wp-json\/wp\/v2\/product\/809","targetHints":{"allow":["GET"]}}],"collection":[{"href":"https:\/\/lavida.es\/tienda\/wp-json\/wp\/v2\/product"}],"about":[{"href":"https:\/\/lavida.es\/tienda\/wp-json\/wp\/v2\/types\/product"}],"replies":[{"embeddable":true,"href":"https:\/\/lavida.es\/tienda\/wp-json\/wp\/v2\/comments?post=809"}],"wp:featuredmedia":[{"embeddable":true,"href":"https:\/\/lavida.es\/tienda\/wp-json\/wp\/v2\/media\/870"}],"wp:attachment":[{"href":"https:\/\/lavida.es\/tienda\/wp-json\/wp\/v2\/media?parent=809"}],"wp:term":[{"taxonomy":"product_brand","embeddable":true,"href":"https:\/\/lavida.es\/tienda\/wp-json\/wp\/v2\/product_brand?post=809"},{"taxonomy":"product_cat","embeddable":true,"href":"https:\/\/lavida.es\/tienda\/wp-json\/wp\/v2\/product_cat?post=809"},{"taxonomy":"product_tag","embeddable":true,"href":"https:\/\/lavida.es\/tienda\/wp-json\/wp\/v2\/product_tag?post=809"}],"curies":[{"name":"wp","href":"https:\/\/api.w.org\/{rel}","templated":true}]}}